{"id":180,"date":"2020-09-17T01:12:33","date_gmt":"2020-09-17T01:12:33","guid":{"rendered":"https:\/\/pachisalgado.com\/index.php\/about\/"},"modified":"2023-09-13T00:06:48","modified_gmt":"2023-09-13T00:06:48","slug":"about","status":"publish","type":"page","link":"https:\/\/pachisalgado.com\/index.php\/about\/","title":{"rendered":"About"},"content":{"rendered":"\t\t<div data-elementor-type=\"wp-page\" data-elementor-id=\"180\" class=\"elementor elementor-180\">\n\t\t\t\t\t\t<section class=\"elementor-section elementor-top-section elementor-element elementor-element-21e4048 elementor-section-height-min-height elementor-section-boxed elementor-section-height-default elementor-section-items-middle\" data-id=\"21e4048\" data-element_type=\"section\" data-settings=\"{&quot;background_background&quot;:&quot;classic&quot;}\">\n\t\t\t\t\t\t\t<div class=\"elementor-background-overlay\"><\/div>\n\t\t\t\t\t\t\t<div class=\"elementor-container elementor-column-gap-no\">\n\t\t\t\t\t<div class=\"elementor-column elementor-col-100 elementor-top-column elementor-element elementor-element-d4d03fd\" data-id=\"d4d03fd\" data-element_type=\"column\" data-settings=\"{&quot;background_background&quot;:&quot;classic&quot;}\">\n\t\t\t<div class=\"elementor-widget-wrap elementor-element-populated\">\n\t\t\t\t\t\t<div class=\"elementor-element elementor-element-4112fd6 elementor-widget elementor-widget-heading\" data-id=\"4112fd6\" data-element_type=\"widget\" data-widget_type=\"heading.default\">\n\t\t\t\t<div class=\"elementor-widget-container\">\n\t\t\t\t\t<h1 class=\"elementor-heading-title elementor-size-default\">Sobre m\u00ed<\/h1>\t\t\t\t<\/div>\n\t\t\t\t<\/div>\n\t\t\t\t<div class=\"elementor-element elementor-element-57cfbf0 elementor-widget elementor-widget-text-editor\" data-id=\"57cfbf0\" data-element_type=\"widget\" data-widget_type=\"text-editor.default\">\n\t\t\t\t<div class=\"elementor-widget-container\">\n\t\t\t\t\t\t\t\t\t<p><span style=\"font-size: medium;\">Mis inicios fueron como cantante, luego<\/span><span style=\"font-size: medium;\"> d<\/span><span style=\"font-size: medium;\">eriv\u00e9<\/span><span style=\"font-size: medium;\"> en la locuci\u00f3n comercial, donde llevo ya m\u00e1s de 45 a\u00f1os.<\/span><\/p>\t\t\t\t\t\t\t\t<\/div>\n\t\t\t\t<\/div>\n\t\t\t\t<div class=\"elementor-element elementor-element-f0e86a1 elementor-widget elementor-widget-text-editor\" data-id=\"f0e86a1\" data-element_type=\"widget\" data-widget_type=\"text-editor.default\">\n\t\t\t\t<div class=\"elementor-widget-container\">\n\t\t\t\t\t\t\t\t\t<p><span style=\"font-size: medium;\">He sido galardonada como la mejor locutora comercial iberoamericana de premios Lavat M\u00e9xico, 2021, y como mejor locutora comercial iberoamericana Colombia festival vivavoz 2022.<\/span><\/p><p><span style=\"font-size: medium;\">Hoy soy nominada como mejor locutora comercial internacional en la cuarta edici\u00f3n de los premios avoz del festival Vivavoz a realizarse en Cartagena de Indias en septiembre del 2023<\/span><\/p>\t\t\t\t\t\t\t\t<\/div>\n\t\t\t\t<\/div>\n\t\t\t\t<div class=\"elementor-element elementor-element-d834067 e-grid-align-left elementor-shape-rounded elementor-grid-0 elementor-widget elementor-widget-social-icons\" data-id=\"d834067\" data-element_type=\"widget\" data-widget_type=\"social-icons.default\">\n\t\t\t\t<div class=\"elementor-widget-container\">\n\t\t\t\t\t\t\t<div class=\"elementor-social-icons-wrapper elementor-grid\" role=\"list\">\n\t\t\t\t\t\t\t<span class=\"elementor-grid-item\" role=\"listitem\">\n\t\t\t\t\t<a class=\"elementor-icon elementor-social-icon elementor-social-icon-facebook elementor-repeater-item-a8a5cea\" href=\"https:\/\/www.facebook.com\/paz.schwarzenberg\/\" target=\"_blank\">\n\t\t\t\t\t\t<span class=\"elementor-screen-only\">Facebook<\/span>\n\t\t\t\t\t\t<i class=\"fab fa-facebook\"><\/i>\t\t\t\t\t<\/a>\n\t\t\t\t<\/span>\n\t\t\t\t\t\t\t<span class=\"elementor-grid-item\" role=\"listitem\">\n\t\t\t\t\t<a class=\"elementor-icon elementor-social-icon elementor-social-icon-instagram elementor-repeater-item-15f4d31\" href=\"https:\/\/www.instagram.com\/pachi_salgado\/\" target=\"_blank\">\n\t\t\t\t\t\t<span class=\"elementor-screen-only\">Instagram<\/span>\n\t\t\t\t\t\t<i class=\"fab fa-instagram\"><\/i>\t\t\t\t\t<\/a>\n\t\t\t\t<\/span>\n\t\t\t\t\t\t\t<span class=\"elementor-grid-item\" role=\"listitem\">\n\t\t\t\t\t<a class=\"elementor-icon elementor-social-icon elementor-social-icon-youtube elementor-repeater-item-00489e7\" href=\"https:\/\/www.youtube.com\/channel\/UCag8ui6kWP5wCOxlyOwJbdQ\" target=\"_blank\">\n\t\t\t\t\t\t<span class=\"elementor-screen-only\">Youtube<\/span>\n\t\t\t\t\t\t<i class=\"fab fa-youtube\"><\/i>\t\t\t\t\t<\/a>\n\t\t\t\t<\/span>\n\t\t\t\t\t<\/div>\n\t\t\t\t\t\t<\/div>\n\t\t\t\t<\/div>\n\t\t\t\t\t<\/div>\n\t\t<\/div>\n\t\t\t\t\t<\/div>\n\t\t<\/section>\n\t\t\t\t<section class=\"elementor-section elementor-top-section elementor-element elementor-element-1335bb4 elementor-section-boxed elementor-section-height-default elementor-section-height-default\" data-id=\"1335bb4\" data-element_type=\"section\" data-settings=\"{&quot;background_background&quot;:&quot;gradient&quot;}\">\n\t\t\t\t\t\t<div class=\"elementor-container elementor-column-gap-no\">\n\t\t\t\t\t<div class=\"elementor-column elementor-col-100 elementor-top-column elementor-element elementor-element-68a125a\" data-id=\"68a125a\" data-element_type=\"column\">\n\t\t\t<div class=\"elementor-widget-wrap elementor-element-populated\">\n\t\t\t\t\t\t<section class=\"elementor-section elementor-inner-section elementor-element elementor-element-2f32393 elementor-section-boxed elementor-section-height-default elementor-section-height-default\" data-id=\"2f32393\" data-element_type=\"section\">\n\t\t\t\t\t\t<div class=\"elementor-container elementor-column-gap-no\">\n\t\t\t\t\t<div class=\"elementor-column elementor-col-100 elementor-inner-column elementor-element elementor-element-9a2f055\" data-id=\"9a2f055\" data-element_type=\"column\">\n\t\t\t<div class=\"elementor-widget-wrap elementor-element-populated\">\n\t\t\t\t\t\t<div class=\"elementor-element elementor-element-229312f elementor-widget elementor-widget-heading\" data-id=\"229312f\" data-element_type=\"widget\" data-widget_type=\"heading.default\">\n\t\t\t\t<div class=\"elementor-widget-container\">\n\t\t\t\t\t<h2 class=\"elementor-heading-title elementor-size-default\">Dicen que soy una de las voces m\u00e1s vers\u00e1tiles de la industria, ojal\u00e1 tu pienses igual<\/h2>\t\t\t\t<\/div>\n\t\t\t\t<\/div>\n\t\t\t\t<div class=\"elementor-element elementor-element-a0c6c3d elementor-align-left elementor-tablet-align-left elementor-mobile-align-left elementor-widget elementor-widget-button\" data-id=\"a0c6c3d\" data-element_type=\"widget\" data-widget_type=\"button.default\">\n\t\t\t\t<div class=\"elementor-widget-container\">\n\t\t\t\t\t\t\t\t\t<div class=\"elementor-button-wrapper\">\n\t\t\t\t\t<a class=\"elementor-button elementor-button-link elementor-size-sm\" href=\"https:\/\/pachisalgado.com\/index.php\/services\/\">\n\t\t\t\t\t\t<span class=\"elementor-button-content-wrapper\">\n\t\t\t\t\t\t<span class=\"elementor-button-icon\">\n\t\t\t\t<i aria-hidden=\"true\" class=\"fas fa-caret-right\"><\/i>\t\t\t<\/span>\n\t\t\t\t\t\t\t\t\t<span class=\"elementor-button-text\">Ve mis trabajos realizados<\/span>\n\t\t\t\t\t<\/span>\n\t\t\t\t\t<\/a>\n\t\t\t\t<\/div>\n\t\t\t\t\t\t\t\t<\/div>\n\t\t\t\t<\/div>\n\t\t\t\t\t<\/div>\n\t\t<\/div>\n\t\t\t\t\t<\/div>\n\t\t<\/section>\n\t\t\t\t<section class=\"elementor-section elementor-inner-section elementor-element elementor-element-4af54b9 elementor-section-boxed elementor-section-height-default elementor-section-height-default\" data-id=\"4af54b9\" data-element_type=\"section\">\n\t\t\t\t\t\t<div class=\"elementor-container elementor-column-gap-default\">\n\t\t\t\t\t<div class=\"elementor-column elementor-col-66 elementor-inner-column elementor-element elementor-element-1c31d39\" data-id=\"1c31d39\" data-element_type=\"column\">\n\t\t\t<div class=\"elementor-widget-wrap elementor-element-populated\">\n\t\t\t\t\t\t<div class=\"elementor-element elementor-element-52f64cd elementor-widget elementor-widget-text-editor\" data-id=\"52f64cd\" data-element_type=\"widget\" data-widget_type=\"text-editor.default\">\n\t\t\t\t<div class=\"elementor-widget-container\">\n\t\t\t\t\t\t\t\t\t<p>A lo largo de mi carrera, he tenido la fortuna de trabajar siempre con grandes productores, en excelentes estudios y lo importante es la confianza que los clientes han depositado en mi, lo que me hace estar profundamente agradecida, sobre todo por la fe que han depositado en estos a\u00f1os en mi trabajo.<\/p><p>Mi trayectoria incluye trabajos en televisi\u00f3n como locutora de continuidad, donde he contribuido a mantener una experiencia fluida para los televidentes. Tambi\u00e9n he tenido la oportunidad de ser coanimadora en programas de radio muy conocidos, al igual que programas infantiles en televisi\u00f3n, en Radio Coraz\u00f3n, Aurora y el Conquistador FM, etc. Actualmente, formo parte de un par de emisoras regionales, lo que me permite seguir creciendo en este apasionante mundo de las comunicaciones.<\/p><p>Adem\u00e1s de mi trabajo en medios tradicionales, participe 2 a\u00f1os continuos en el festival internacional de la canci\u00f3n de Vi\u00f1a del mar y en importantes estelares de la televisi\u00f3n chilena, como actriz he realizado trabajos en Doblajes Internacionales Dint, lo que me ha permitido explorar la versatilidad de mi voz en diferentes contextos culturales. He participado como conductora y maestra de ceremonia en diversos congresos y eventos, lo que ha sido una experiencia enriquecedora y gratificante.<\/p><p>Mi labor no se limita a los medios de comunicaci\u00f3n, ya que tambi\u00e9n he prestado mi voz para IVR, call center en diversas empresas, incluyendo algunas del \u00e1mbito minero y bancario, entre otros sectores.<\/p><p>He tenido el honor de trabajar con marcas de renombre como Seguros Falabella, Farmacias Ahumada, Cerveza Sol, LAN CHILE (ahora LATAM), Carozzi, Banco Santander, Air Wick, Sodimac, Mazda, Pisco Campanario y el Gobierno de Chile, entre otras. Estas colaboraciones han abarcado desde proyectos en televisi\u00f3n, hasta radio y redes sociales.<\/p><p>Mi amplia experiencia en diferentes facetas de la locuci\u00f3n e interpretaci\u00f3n han sido un reflejo de mi pasi\u00f3n y compromiso en este campo. Estoy agradecida por las oportunidades que he tenido y emocionada por lo que depara el futuro en mi carrera como locutora.<\/p>\t\t\t\t\t\t\t\t<\/div>\n\t\t\t\t<\/div>\n\t\t\t\t\t<\/div>\n\t\t<\/div>\n\t\t\t\t<div class=\"elementor-column elementor-col-33 elementor-inner-column elementor-element elementor-element-6fe8856\" data-id=\"6fe8856\" data-element_type=\"column\">\n\t\t\t<div class=\"elementor-widget-wrap elementor-element-populated\">\n\t\t\t\t\t\t<div class=\"elementor-element elementor-element-59862dc elementor-widget elementor-widget-image\" data-id=\"59862dc\" data-element_type=\"widget\" data-widget_type=\"image.default\">\n\t\t\t\t<div class=\"elementor-widget-container\">\n\t\t\t\t\t\t\t\t\t\t\t\t\t\t\t<img fetchpriority=\"high\" decoding=\"async\" width=\"424\" height=\"588\" src=\"https:\/\/pachisalgado.com\/wp-content\/uploads\/2023\/09\/Pachi-removebg-preview.png\" class=\"attachment-large size-large wp-image-955\" alt=\"\" srcset=\"https:\/\/pachisalgado.com\/wp-content\/uploads\/2023\/09\/Pachi-removebg-preview.png 424w, https:\/\/pachisalgado.com\/wp-content\/uploads\/2023\/09\/Pachi-removebg-preview-216x300.png 216w\" sizes=\"(max-width: 424px) 100vw, 424px\" \/>\t\t\t\t\t\t\t\t\t\t\t\t\t\t\t<\/div>\n\t\t\t\t<\/div>\n\t\t\t\t\t<\/div>\n\t\t<\/div>\n\t\t\t\t\t<\/div>\n\t\t<\/section>\n\t\t\t\t\t<\/div>\n\t\t<\/div>\n\t\t\t\t\t<\/div>\n\t\t<\/section>\n\t\t\t\t<\/div>\n\t\t","protected":false},"excerpt":{"rendered":"<p>Sobre m\u00ed Mis inicios fueron como cantante, luego deriv\u00e9 en la locuci\u00f3n comercial, donde llevo ya m\u00e1s de 45 a\u00f1os. He sido galardonada como la mejor locutora comercial iberoamericana de premios Lavat M\u00e9xico, 2021, y como mejor locutora comercial iberoamericana Colombia festival vivavoz 2022. Hoy soy nominada como mejor locutora comercial internacional en la cuarta &hellip;<\/p>\n<p class=\"read-more\"> <a class=\"\" href=\"https:\/\/pachisalgado.com\/index.php\/about\/\"> <span class=\"screen-reader-text\">About<\/span> Leer m\u00e1s &raquo;<\/a><\/p>\n","protected":false},"author":1,"featured_media":0,"parent":0,"menu_order":0,"comment_status":"closed","ping_status":"closed","template":"","meta":{"_uag_custom_page_level_css":"","site-sidebar-layout":"no-sidebar","site-content-layout":"page-builder","ast-site-content-layout":"","site-content-style":"default","site-sidebar-style":"default","ast-global-header-display":"","ast-banner-title-visibility":"","ast-main-header-display":"","ast-hfb-above-header-display":"","ast-hfb-below-header-display":"","ast-hfb-mobile-header-display":"","site-post-title":"disabled","ast-breadcrumbs-content":"","ast-featured-img":"disabled","footer-sml-layout":"","theme-transparent-header-meta":"enabled","adv-header-id-meta":"","stick-header-meta":"","header-above-stick-meta":"","header-main-stick-meta":"","header-below-stick-meta":"","astra-migrate-meta-layouts":"","footnotes":""},"class_list":["post-180","page","type-page","status-publish","hentry"],"uagb_featured_image_src":{"full":false,"thumbnail":false,"medium":false,"medium_large":false,"large":false,"1536x1536":false,"2048x2048":false},"uagb_author_info":{"display_name":"admin","author_link":"https:\/\/pachisalgado.com\/index.php\/author\/pachisalgacom\/"},"uagb_comment_info":0,"uagb_excerpt":"Sobre m\u00ed Mis inicios fueron como cantante, luego deriv\u00e9 en la locuci\u00f3n comercial, donde llevo ya m\u00e1s de 45 a\u00f1os. He sido galardonada como la mejor locutora comercial iberoamericana de premios Lavat M\u00e9xico, 2021, y como mejor locutora comercial iberoamericana Colombia festival vivavoz 2022. Hoy soy nominada como mejor locutora comercial internacional en la cuarta&hellip;","_links":{"self":[{"href":"https:\/\/pachisalgado.com\/index.php\/wp-json\/wp\/v2\/pages\/180","targetHints":{"allow":["GET"]}}],"collection":[{"href":"https:\/\/pachisalgado.com\/index.php\/wp-json\/wp\/v2\/pages"}],"about":[{"href":"https:\/\/pachisalgado.com\/index.php\/wp-json\/wp\/v2\/types\/page"}],"author":[{"embeddable":true,"href":"https:\/\/pachisalgado.com\/index.php\/wp-json\/wp\/v2\/users\/1"}],"replies":[{"embeddable":true,"href":"https:\/\/pachisalgado.com\/index.php\/wp-json\/wp\/v2\/comments?post=180"}],"version-history":[{"count":36,"href":"https:\/\/pachisalgado.com\/index.php\/wp-json\/wp\/v2\/pages\/180\/revisions"}],"predecessor-version":[{"id":1051,"href":"https:\/\/pachisalgado.com\/index.php\/wp-json\/wp\/v2\/pages\/180\/revisions\/1051"}],"wp:attachment":[{"href":"https:\/\/pachisalgado.com\/index.php\/wp-json\/wp\/v2\/media?parent=180"}],"curies":[{"name":"wp","href":"https:\/\/api.w.org\/{rel}","templated":true}]}}